{"id":55,"date":"2016-05-30T20:07:46","date_gmt":"2016-05-30T20:07:46","guid":{"rendered":"http:\/\/70.39.248.214\/~pucich5\/wordpress\/?page_id=55"},"modified":"2023-07-08T13:09:18","modified_gmt":"2023-07-08T11:09:18","slug":"kinder","status":"publish","type":"page","link":"https:\/\/sc-aquarius.li\/?page_id=55","title":{"rendered":"Kinder"},"content":{"rendered":"<p>Grundlage f\u00fcr die Kinder-Schwimmschule ist das Modell \u201ekids learn to swim\u201c (Kurs 1 \u2013 5) von <a href=\"https:\/\/www.swiss-swimming.ch\/sport-fur-alle\/kids-learn-to-swim\">Swiss Swimming<\/a>, das die Grundausbildung im Schwimmen darstellt.<\/p>\n<div class=\"table-responsive\"><table  style=\"width:100%; \"  class=\"easy-table easy-table-default table\" border=\"0\">\n<thead>\r\n<tr><th colspan=2 style=\"text-align:left\" >Kurs 1<\/th>\n<\/tr>\n<\/thead>\n<tbody>\r\n<tr><td  style=\"text-align:left\" >\nInhalt<\/td>\n<td  style=\"text-align:left\" >Level 1: Die Kinder sind mit dem Element Wasser vertraut und beherrschen die Kernkompetenzen \u201eAtmen und Schweben\u201c.<\/td>\n<\/tr>\n\r\n<tr><td  style=\"text-align:left\" >\nKursdauer<\/td>\n<td  style=\"text-align:left\" >10 x 45 Minuten, 1mal \/ Woche<\/td>\n<\/tr>\n\r\n<tr><td  style=\"text-align:left\" >\nKosten<\/td>\n<td  style=\"text-align:left\" >CHF 180.\u2014<\/td>\n<\/tr>\n\r\n<tr><td  style=\"text-align:left\" >\nKursort<\/td>\n<td  style=\"text-align:left\" >Hallenbad Triesen<\/td>\n<\/tr>\n<\/tbody><\/table><\/div>\n<div class=\"table-responsive\"><table  style=\"width:100%; \"  class=\"easy-table easy-table-default table\" border=\"0\">\n<thead>\r\n<tr><th colspan=2 style=\"text-align:left\" >Kurs 2<\/th>\n<\/tr>\n<\/thead>\n<tbody>\r\n<tr><td  style=\"text-align:left\" >\nInhalt<\/td>\n<td  style=\"text-align:left\" >Level 2: Nach einem Sprung ins Wasser k\u00f6nnen die Kinder selbst\u00e4ndig zur\u00fcck zum Beckenrand schwimmen. Sie beherrschen zus\u00e4tzlich die Kompetenzen \u201eGleiten und Wechselbeinschlag\u201c.<\/td>\n<\/tr>\n\r\n<tr><td  style=\"text-align:left\" >\nKursdauer<\/td>\n<td  style=\"text-align:left\" >15 x 45 Minuten, 1mal \/ Woche<\/td>\n<\/tr>\n\r\n<tr><td  style=\"text-align:left\" >\nKosten<\/td>\n<td  style=\"text-align:left\" >CHF 270.\u2014<\/td>\n<\/tr>\n\r\n<tr><td  style=\"text-align:left\" >\nKursort<\/td>\n<td  style=\"text-align:left\" >Hallenbad Triesen<\/td>\n<\/tr>\n<\/tbody><\/table><\/div>\n<div class=\"table-responsive\"><table  style=\"width:100%; \"  class=\"easy-table easy-table-default table\" border=\"0\">\n<thead>\r\n<tr><th colspan=2 style=\"text-align:left\" >Kurs 3<\/th>\n<\/tr>\n<\/thead>\n<tbody>\r\n<tr><td  style=\"text-align:left\" >\nInhalt<\/td>\n<td  style=\"text-align:left\" >Level 3: Der Wechselbeinschlag wird weiter gef\u00f6rdert und verfeinert. Zusammen mit der Armbewegung erlernen die Kinder das R\u00fcckenschwimmen.<\/td>\n<\/tr>\n\r\n<tr><td  style=\"text-align:left\" >\nKursdauer<\/td>\n<td  style=\"text-align:left\" >15 x 45 Minuten, 1mal \/ Woche<\/td>\n<\/tr>\n\r\n<tr><td  style=\"text-align:left\" >\nKosten<\/td>\n<td  style=\"text-align:left\" >CHF 270.\u2014<\/td>\n<\/tr>\n\r\n<tr><td  style=\"text-align:left\" >\nKursort<\/td>\n<td  style=\"text-align:left\" >Hallenbad Triesen<\/td>\n<\/tr>\n<\/tbody><\/table><\/div>\n<div class=\"table-responsive\"><table  style=\"width:100%; \"  class=\"easy-table easy-table-default table\" border=\"0\">\n<thead>\r\n<tr><th colspan=2 style=\"text-align:left\" >Kurs 4<\/th>\n<\/tr>\n<\/thead>\n<tbody>\r\n<tr><td  style=\"text-align:left\" >\nInhalt<\/td>\n<td  style=\"text-align:left\" >Level 4: Die Kinder vertiefen die F\u00e4higkeit des R\u00fcckenschwimmens und beginnen mit den ersten Kraulbewegungen.<\/td>\n<\/tr>\n\r\n<tr><td  style=\"text-align:left\" >\nKursdauer<\/td>\n<td  style=\"text-align:left\" >15 x 45 Minuten, 1mal \/ Woche<\/td>\n<\/tr>\n\r\n<tr><td  style=\"text-align:left\" >\nKosten<\/td>\n<td  style=\"text-align:left\" >CHF 270.\u2014<\/td>\n<\/tr>\n\r\n<tr><td  style=\"text-align:left\" >\nKursort<\/td>\n<td  style=\"text-align:left\" >Hallenbad Triesen<\/td>\n<\/tr>\n<\/tbody><\/table><\/div>\n<div class=\"table-responsive\"><table  style=\"width:100%; \"  class=\"easy-table easy-table-default table\" border=\"0\">\n<thead>\r\n<tr><th colspan=2 style=\"text-align:left\" >Kurs 5<\/th>\n<\/tr>\n<\/thead>\n<tbody>\r\n<tr><td  style=\"text-align:left\" >\nInhalt<\/td>\n<td  style=\"text-align:left\" >Level 5: Die Kinder erlernen das Brustschwimmen und vertiefen die F\u00e4higkeit der anderen Schwimmarten.<\/td>\n<\/tr>\n\r\n<tr><td  style=\"text-align:left\" >\nKursdauer<\/td>\n<td  style=\"text-align:left\" >15 x 45 Minuten, 1mal \/ Woche<\/td>\n<\/tr>\n\r\n<tr><td  style=\"text-align:left\" >\nKosten<\/td>\n<td  style=\"text-align:left\" >CHF 270.\u2014<\/td>\n<\/tr>\n\r\n<tr><td  style=\"text-align:left\" >\nKursort<\/td>\n<td  style=\"text-align:left\" >Hallenbad Triesen<\/td>\n<\/tr>\n<\/tbody><\/table><\/div>\n","protected":false},"excerpt":{"rendered":"<p>Grundlage f\u00fcr die Kinder-Schwimmschule ist das Modell \u201ekids learn to swim\u201c (Kurs 1 \u2013 5) von Swiss Swimming, das die Grundausbildung im Schwimmen darstellt.<\/p>\n","protected":false},"author":1,"featured_media":0,"parent":59,"menu_order":0,"comment_status":"closed","ping_status":"closed","template":"","meta":{"footnotes":""},"class_list":["post-55","page","type-page","status-publish","hentry"],"_links":{"self":[{"href":"https:\/\/sc-aquarius.li\/index.php?rest_route=\/wp\/v2\/pages\/55","targetHints":{"allow":["GET"]}}],"collection":[{"href":"https:\/\/sc-aquarius.li\/index.php?rest_route=\/wp\/v2\/pages"}],"about":[{"href":"https:\/\/sc-aquarius.li\/index.php?rest_route=\/wp\/v2\/types\/page"}],"author":[{"embeddable":true,"href":"https:\/\/sc-aquarius.li\/index.php?rest_route=\/wp\/v2\/users\/1"}],"replies":[{"embeddable":true,"href":"https:\/\/sc-aquarius.li\/index.php?rest_route=%2Fwp%2Fv2%2Fcomments&post=55"}],"version-history":[{"count":6,"href":"https:\/\/sc-aquarius.li\/index.php?rest_route=\/wp\/v2\/pages\/55\/revisions"}],"predecessor-version":[{"id":1075,"href":"https:\/\/sc-aquarius.li\/index.php?rest_route=\/wp\/v2\/pages\/55\/revisions\/1075"}],"up":[{"embeddable":true,"href":"https:\/\/sc-aquarius.li\/index.php?rest_route=\/wp\/v2\/pages\/59"}],"wp:attachment":[{"href":"https:\/\/sc-aquarius.li\/index.php?rest_route=%2Fwp%2Fv2%2Fmedia&parent=55"}],"curies":[{"name":"wp","href":"https:\/\/api.w.org\/{rel}","templated":true}]}}