{"id":51,"date":"2016-05-30T20:05:47","date_gmt":"2016-05-30T20:05:47","guid":{"rendered":"http:\/\/70.39.248.214\/~pucich5\/wordpress\/?page_id=51"},"modified":"2022-11-01T20:01:49","modified_gmt":"2022-11-01T19:01:49","slug":"news","status":"publish","type":"page","link":"https:\/\/sc-aquarius.li\/?page_id=51","title":{"rendered":"NEWS"},"content":{"rendered":"<ul class=\"display-posts-listing\"><li class=\"listing-item\"><a class=\"title\" href=\"https:\/\/sc-aquarius.li\/?p=1121\">Unsere neue HOMEPAGE ist online. www.scat.li     schaut vorbei<\/a><\/li><li class=\"listing-item\"><a class=\"title\" href=\"https:\/\/sc-aquarius.li\/?p=1110\">Aqua-Fitness-Kurs ab 22. August 2024   AUSGEBUCHT<\/a> <span class=\"excerpt-dash\">-<\/span> <span class=\"excerpt\">unser Aquafitness-Kurs findet ab 29. August 2024 immer Donnerstag von 18.30 bis 19.15 Uhr im Hallenbad Triesen statt. Es hat noch 5 freie Pl\u00e4tze. Der Kurs umfasst 6 Lektionen und wird bei Bedarf nach&#46;&#46;&#46;<\/span><\/li><li class=\"listing-item\"><a class=\"title\" href=\"https:\/\/sc-aquarius.li\/?p=1103\">Neue Schwimmkurse ab 19. August 2024<\/a> <span class=\"excerpt-dash\">-<\/span> <span class=\"excerpt\">Wir haben noch wenige freie Pl\u00e4tze in unseren Kinderschwimmkursen. Wir unterrichten Montag bis Freitag. Mittwoch: Level 4 von 16.15 bis 17.00 Uhr freie Pl\u00e4tze: 1 Freitag: Level 2 von 17.00 bis 17.45 Uhr freie&#46;&#46;&#46;<\/span><\/li><li class=\"listing-item\"><a class=\"title\" href=\"https:\/\/sc-aquarius.li\/?p=792\">24h-Schwimmen 2018<\/a> <span class=\"excerpt-dash\">-<\/span> <span class=\"excerpt\">Auch dieses Jahr findet am 10.\/11. November wieder das traditionelle 24h-Schwimmen statt. Weiter Infos und die Ausschreibung finden sich unter Generelle Informationen und Ausschreibung<\/span><\/li><li class=\"listing-item\"><a class=\"title\" href=\"https:\/\/sc-aquarius.li\/?p=779\">NEU: Meerjungfrauen-Schwimmen<\/a> <span class=\"excerpt-dash\">-<\/span> <span class=\"excerpt\">Ab 21. August 2018 immer Dienstag 18.45 bis 19.30 Uhr im Hallenbad Triesen. Meerjungfrauenschwimmen_SCAT_3<\/span><\/li><li class=\"listing-item\"><a class=\"title\" href=\"https:\/\/sc-aquarius.li\/?p=766\">Information zum Datenschutz<\/a> <span class=\"excerpt-dash\">-<\/span> <span class=\"excerpt\">Der Schwimmclub Aquarius Triesen h\u00e4lt sich strikt an die datenschutzrechtlichen Vorschriften bei der Erhebung und Verarbeitung Ihrer Daten. Nachstehend finden Sie Informationen zur Verarbeitung Ihrer Daten und den Ihnen zukommenden Rechten. SCAT_Datenschutz<\/span><\/li><li class=\"listing-item\"><a class=\"title\" href=\"https:\/\/sc-aquarius.li\/?p=647\">Rangliste und Fotos vom 24-h Schwimmen 2017<\/a> <span class=\"excerpt-dash\">-<\/span> <span class=\"excerpt\">Rangliste und Fotos vom 24-h Schwimmen 2017 Link zu den Ranglisten<\/span><\/li><li class=\"listing-item\"><a class=\"title\" href=\"https:\/\/sc-aquarius.li\/?p=613\">24h-Schwimmen 2017<\/a> <span class=\"excerpt-dash\">-<\/span> <span class=\"excerpt\">Am 11. \/ 12. November 2017 findet unser traditionelles 24h Schwimmen im Hallenbad Triesen statt. Der Schwimmclub Aquarius hofft auf eine rege Teilnahme an diesem Wettkampf und w\u00fcnscht allen Teilnehmern viel Spass und Durchhalteverm\u00f6gen!&#46;&#46;&#46;<\/span><\/li><li class=\"listing-item\"><a class=\"title\" href=\"https:\/\/sc-aquarius.li\/?p=572\">1. Internationales Schwimmfest Lindenberg\/Allg\u00e4u<\/a> <span class=\"excerpt-dash\">-<\/span> <span class=\"excerpt\">Am 11.2.2017 machten sich die jungen Schwimmer der Schwimmgemeinschaft Liechtenstein auf den Weg zum 1. Internationalen Schwimmfest Lindenberg im Allg\u00e4u. Trainerin Ildiko Bundics und einige Eltern freuten sich auf neue Erfahrungen des motivierten Nachwuchses.&#46;&#46;&#46;<\/span><\/li><li class=\"listing-item\"><a class=\"title\" href=\"https:\/\/sc-aquarius.li\/?p=549\">Kidsliga und Fl\u00f6serfisch<\/a> <span class=\"excerpt-dash\">-<\/span> <span class=\"excerpt\">Am Samstag, 19. November wurden im Hallenbad Fl\u00f6s zwei Wettk\u00e4mpfe durch den Schwimmclub SC Fl\u00f6s organisiert. Am Morgen fand der erste Teil der Kidsligawettk\u00e4mpfe f\u00fcr die j\u00fcngsten Schwimmerinnen und Schwimmer bis 11 Jahre statt.&#46;&#46;&#46;<\/span><\/li><\/ul>\n","protected":false},"excerpt":{"rendered":"","protected":false},"author":1,"featured_media":0,"parent":0,"menu_order":0,"comment_status":"closed","ping_status":"closed","template":"","meta":{"footnotes":""},"class_list":["post-51","page","type-page","status-publish","hentry"],"_links":{"self":[{"href":"https:\/\/sc-aquarius.li\/index.php?rest_route=\/wp\/v2\/pages\/51","targetHints":{"allow":["GET"]}}],"collection":[{"href":"https:\/\/sc-aquarius.li\/index.php?rest_route=\/wp\/v2\/pages"}],"about":[{"href":"https:\/\/sc-aquarius.li\/index.php?rest_route=\/wp\/v2\/types\/page"}],"author":[{"embeddable":true,"href":"https:\/\/sc-aquarius.li\/index.php?rest_route=\/wp\/v2\/users\/1"}],"replies":[{"embeddable":true,"href":"https:\/\/sc-aquarius.li\/index.php?rest_route=%2Fwp%2Fv2%2Fcomments&post=51"}],"version-history":[{"count":2,"href":"https:\/\/sc-aquarius.li\/index.php?rest_route=\/wp\/v2\/pages\/51\/revisions"}],"predecessor-version":[{"id":1059,"href":"https:\/\/sc-aquarius.li\/index.php?rest_route=\/wp\/v2\/pages\/51\/revisions\/1059"}],"wp:attachment":[{"href":"https:\/\/sc-aquarius.li\/index.php?rest_route=%2Fwp%2Fv2%2Fmedia&parent=51"}],"curies":[{"name":"wp","href":"https:\/\/api.w.org\/{rel}","templated":true}]}}