{"id":41,"date":"2016-05-30T20:02:05","date_gmt":"2016-05-30T20:02:05","guid":{"rendered":"http:\/\/70.39.248.214\/~pucich5\/wordpress\/?page_id=41"},"modified":"2022-06-13T09:01:04","modified_gmt":"2022-06-13T07:01:04","slug":"jugend","status":"publish","type":"page","link":"https:\/\/sc-aquarius.li\/?page_id=41","title":{"rendered":"Jugendgruppe"},"content":{"rendered":"<p>Mit der Jugendgruppe kn\u00fcpfen wir an den Schwimmkursen an. Die Schwimmtechniken werden verfeinert, die Ausdauer gesteigert, das Tauchen darf nicht fehlen. Dennoch steht der Spass und die Freude im, am und mit dem Wasser im Vordergrund. Die Kinder k\u00f6nnen auch schon an kleinen Schwimmwettk\u00e4mpfen teilnehmen und weitere anspruchsvolle Schwimmtests absolvieren. Anschliessend k\u00f6nnen die Kinder gleitend ins Wettkampfschwimmen einsteigen.<\/p>\n<div class=\"table-responsive\"><table  style=\"width:100%; \"  class=\"easy-table easy-table-default table\" border=\"0\">\n<tbody>\r\n<tr><td style=\"vertical-align: top; text-align: left;\">Trainingszeit<\/td>\n<td  style=\"text-align:left\" >Mittwoch<br \/>Freitag<\/td>\n<td  style=\"text-align:left\" >18:30 &#8211; 19:30 Uhr<br \/>17:00 &#8211; 18:00 Uhr<\/td>\n<\/tr>\n\r\n<tr><td style=\"vertical-align: top; text-align: left;\">\nTrainer\/-in<\/td>\n<td colspan=2 style=\"text-align:left\" >Patricia Feirich, Hannah Feirich und Elisabeth Bloch<\/td>\n<\/tr>\n\r\n<tr><td  style=\"text-align:left\" >\nKursdauer<\/td>\n<td colspan=2 style=\"text-align:left\" >60 oder 75 Minuten, 1-2mal \/ Woche<\/td>\n<\/tr>\n\r\n<tr><td  style=\"text-align:left\" >\nTrainingsort<\/td>\n<td colspan=2 style=\"text-align:left\" >Hallenbad Eschen<\/td>\n<\/tr>\n\r\n<tr><td  style=\"text-align:left\" >\nZiele<\/td>\n<td colspan=2 style=\"text-align:left\" >Erlernen der Kernbewegungen, alle Lagen und technische Elemente (wie Startsprung)<\/td>\n<\/tr>\n<\/tbody><\/table><\/div>\n","protected":false},"excerpt":{"rendered":"<p>Mit der Jugendgruppe kn\u00fcpfen wir an den Schwimmkursen an. Die Schwimmtechniken werden verfeinert, die Ausdauer gesteigert, das Tauchen darf nicht fehlen. Dennoch steht der Spass und die Freude im, am und mit dem Wasser&#46;&#46;&#46;<\/p>\n","protected":false},"author":1,"featured_media":0,"parent":53,"menu_order":0,"comment_status":"closed","ping_status":"closed","template":"","meta":{"footnotes":""},"class_list":["post-41","page","type-page","status-publish","hentry"],"_links":{"self":[{"href":"https:\/\/sc-aquarius.li\/index.php?rest_route=\/wp\/v2\/pages\/41","targetHints":{"allow":["GET"]}}],"collection":[{"href":"https:\/\/sc-aquarius.li\/index.php?rest_route=\/wp\/v2\/pages"}],"about":[{"href":"https:\/\/sc-aquarius.li\/index.php?rest_route=\/wp\/v2\/types\/page"}],"author":[{"embeddable":true,"href":"https:\/\/sc-aquarius.li\/index.php?rest_route=\/wp\/v2\/users\/1"}],"replies":[{"embeddable":true,"href":"https:\/\/sc-aquarius.li\/index.php?rest_route=%2Fwp%2Fv2%2Fcomments&post=41"}],"version-history":[{"count":7,"href":"https:\/\/sc-aquarius.li\/index.php?rest_route=\/wp\/v2\/pages\/41\/revisions"}],"predecessor-version":[{"id":1032,"href":"https:\/\/sc-aquarius.li\/index.php?rest_route=\/wp\/v2\/pages\/41\/revisions\/1032"}],"up":[{"embeddable":true,"href":"https:\/\/sc-aquarius.li\/index.php?rest_route=\/wp\/v2\/pages\/53"}],"wp:attachment":[{"href":"https:\/\/sc-aquarius.li\/index.php?rest_route=%2Fwp%2Fv2%2Fmedia&parent=41"}],"curies":[{"name":"wp","href":"https:\/\/api.w.org\/{rel}","templated":true}]}}