{"id":29,"date":"2016-05-30T20:00:30","date_gmt":"2016-05-30T20:00:30","guid":{"rendered":"http:\/\/70.39.248.214\/~pucich5\/wordpress\/?page_id=29"},"modified":"2016-05-30T20:00:30","modified_gmt":"2016-05-30T20:00:30","slug":"club","status":"publish","type":"page","link":"https:\/\/sc-aquarius.li\/?page_id=29","title":{"rendered":"CLUB"},"content":{"rendered":"<p>Zurzeit haben wir ca. 150 Mitglieder, die in den Jugend- und. in der Erwachsenengruppen oder in den Wettkampfgruppen aktiv sind. Betreut werden diese Gruppen von ca. 5 Trainerinnen und Trainern.<\/p>\n<p>Wir veranstalten j\u00e4hrlich das 24-Stunden Schwimmen in Triesen, den Jugendcup und zahlreiche andere Wettk\u00e4mpfe f\u00fcr unsere Schwimmer.<\/p>\n<p>Ziele und Aufgaben:<\/p>\n<ul>\n<li>Nachwuchsf\u00f6rderung im Breitensport: Schwimmen in allen Stilrichtungen<\/li>\n<li>Ausbildung und Training der Wettkampfschwimmer<\/li>\n<li>Organisation und Durchf\u00fchrung verschiedener Wettk\u00e4mpfe<\/li>\n<li>Aus- und Weiterbildung der LeiterInnen<\/li>\n<li>Kameradschaft pflegen und Geselligkeit f\u00f6rdern<\/li>\n<li>Werben von neuen Mitgliedern<\/li>\n<li>Finanzquellen suchen und erschliessen<\/li>\n<\/ul>\n","protected":false},"excerpt":{"rendered":"<p>Zurzeit haben wir ca. 150 Mitglieder, die in den Jugend- und. in der Erwachsenengruppen oder in den Wettkampfgruppen aktiv sind. Betreut werden diese Gruppen von ca. 5 Trainerinnen und Trainern. Wir veranstalten j\u00e4hrlich das&#46;&#46;&#46;<\/p>\n","protected":false},"author":1,"featured_media":0,"parent":0,"menu_order":1,"comment_status":"closed","ping_status":"closed","template":"","meta":{"footnotes":""},"class_list":["post-29","page","type-page","status-publish","hentry"],"_links":{"self":[{"href":"https:\/\/sc-aquarius.li\/index.php?rest_route=\/wp\/v2\/pages\/29","targetHints":{"allow":["GET"]}}],"collection":[{"href":"https:\/\/sc-aquarius.li\/index.php?rest_route=\/wp\/v2\/pages"}],"about":[{"href":"https:\/\/sc-aquarius.li\/index.php?rest_route=\/wp\/v2\/types\/page"}],"author":[{"embeddable":true,"href":"https:\/\/sc-aquarius.li\/index.php?rest_route=\/wp\/v2\/users\/1"}],"replies":[{"embeddable":true,"href":"https:\/\/sc-aquarius.li\/index.php?rest_route=%2Fwp%2Fv2%2Fcomments&post=29"}],"version-history":[{"count":0,"href":"https:\/\/sc-aquarius.li\/index.php?rest_route=\/wp\/v2\/pages\/29\/revisions"}],"wp:attachment":[{"href":"https:\/\/sc-aquarius.li\/index.php?rest_route=%2Fwp%2Fv2%2Fmedia&parent=29"}],"curies":[{"name":"wp","href":"https:\/\/api.w.org\/{rel}","templated":true}]}}